{"id":51,"date":"2023-12-17T22:05:41","date_gmt":"2023-12-17T22:05:41","guid":{"rendered":"https:\/\/sitioganadero.com\/index.php\/services\/"},"modified":"2024-08-06T02:28:56","modified_gmt":"2024-08-06T02:28:56","slug":"services","status":"publish","type":"page","link":"https:\/\/sitioganadero.com\/index.php\/services\/","title":{"rendered":"Services"},"content":{"rendered":"\t\t<div data-elementor-type=\"wp-page\" data-elementor-id=\"51\" class=\"elementor elementor-51\" data-elementor-post-type=\"page\">\n\t\t\t\t<div class=\"elementor-element elementor-element-4d1b5074 e-con-full e-flex e-con e-parent\" data-id=\"4d1b5074\" data-element_type=\"container\">\n\t\t\t\t<div class=\"elementor-element elementor-element-6a5741c3 elementor-widget elementor-widget-heading\" data-id=\"6a5741c3\" data-element_type=\"widget\" data-widget_type=\"heading.default\">\n\t\t\t\t<div class=\"elementor-widget-container\">\n\t\t\t<style>\/*! elementor - v3.23.0 - 05-08-2024 *\/\n.elementor-heading-title{padding:0;margin:0;line-height:1}.elementor-widget-heading .elementor-heading-title[class*=elementor-size-]>a{color:inherit;font-size:inherit;line-height:inherit}.elementor-widget-heading .elementor-heading-title.elementor-size-small{font-size:15px}.elementor-widget-heading .elementor-heading-title.elementor-size-medium{font-size:19px}.elementor-widget-heading .elementor-heading-title.elementor-size-large{font-size:29px}.elementor-widget-heading .elementor-heading-title.elementor-size-xl{font-size:39px}.elementor-widget-heading .elementor-heading-title.elementor-size-xxl{font-size:59px}<\/style><h1 class=\"elementor-heading-title elementor-size-default\">Servicios<\/h1>\t\t<\/div>\n\t\t\t\t<\/div>\n\t\t\t\t<div class=\"elementor-element elementor-element-183a20b6 elementor-widget elementor-widget-text-editor\" data-id=\"183a20b6\" data-element_type=\"widget\" data-widget_type=\"text-editor.default\">\n\t\t\t\t<div class=\"elementor-widget-container\">\n\t\t\t<style>\/*! elementor - v3.23.0 - 05-08-2024 *\/\n.elementor-widget-text-editor.elementor-drop-cap-view-stacked .elementor-drop-cap{background-color:#69727d;color:#fff}.elementor-widget-text-editor.elementor-drop-cap-view-framed .elementor-drop-cap{color:#69727d;border:3px solid;background-color:transparent}.elementor-widget-text-editor:not(.elementor-drop-cap-view-default) .elementor-drop-cap{margin-top:8px}.elementor-widget-text-editor:not(.elementor-drop-cap-view-default) .elementor-drop-cap-letter{width:1em;height:1em}.elementor-widget-text-editor .elementor-drop-cap{float:left;text-align:center;line-height:1;font-size:50px}.elementor-widget-text-editor .elementor-drop-cap-letter{display:inline-block}<\/style>\t\t\t\t<p>sitioganadero.com ofrece servicios de dise\u00f1o de logos y p\u00e1ginas web para ganader\u00edas, as\u00ed como fotograf\u00eda bovina.<\/p>\t\t\t\t\t\t<\/div>\n\t\t\t\t<\/div>\n\t\t\t\t<\/div>\n\t\t<div class=\"elementor-element elementor-element-390ead53 e-con-full e-flex e-con e-parent\" data-id=\"390ead53\" data-element_type=\"container\" id=\"s1\">\n\t\t<div class=\"elementor-element elementor-element-441dd6b6 e-con-full e-flex e-con e-child\" data-id=\"441dd6b6\" data-element_type=\"container\">\n\t\t\t\t<div class=\"elementor-element elementor-element-46a7d7c5 elementor-widget elementor-widget-heading\" data-id=\"46a7d7c5\" data-element_type=\"widget\" data-widget_type=\"heading.default\">\n\t\t\t\t<div class=\"elementor-widget-container\">\n\t\t\t<h2 class=\"elementor-heading-title elementor-size-default\">dise\u00f1o de logos para su ganader\u00eda<\/h2>\t\t<\/div>\n\t\t\t\t<\/div>\n\t\t\t\t<div class=\"elementor-element elementor-element-2fd8554b elementor-widget elementor-widget-text-editor\" data-id=\"2fd8554b\" data-element_type=\"widget\" data-widget_type=\"text-editor.default\">\n\t\t\t\t<div class=\"elementor-widget-container\">\n\t\t\t\t\t\t\t<p>Tener un logo propio ofrece a las ganader\u00edas importantes ventajas. Facilita el reconocimiento de la marca, transmite profesionalismo y genera confianza en los productos. Adem\u00e1s, ayuda a diferenciarse de la competencia y puede usarse en marketing, etiquetas y redes sociales, mejorando as\u00ed la presencia en ambos \u00e1mbitos. Es clave para la identidad y promoci\u00f3n de la ganader\u00eda.<\/p>\t\t\t\t\t\t<\/div>\n\t\t\t\t<\/div>\n\t\t\t\t<\/div>\n\t\t<div class=\"elementor-element elementor-element-12f043f6 e-con-full e-flex e-con e-child\" data-id=\"12f043f6\" data-element_type=\"container\" data-settings=\"{&quot;background_background&quot;:&quot;classic&quot;}\">\n\t\t\t\t<\/div>\n\t\t\t\t<\/div>\n\t\t<div class=\"elementor-element elementor-element-6ef59812 e-con-full e-flex e-con e-parent\" data-id=\"6ef59812\" data-element_type=\"container\" id=\"s2\">\n\t\t<div class=\"elementor-element elementor-element-1800be6c e-con-full e-flex e-con e-child\" data-id=\"1800be6c\" data-element_type=\"container\" data-settings=\"{&quot;background_background&quot;:&quot;classic&quot;}\">\n\t\t\t\t<\/div>\n\t\t<div class=\"elementor-element elementor-element-17a84451 e-con-full e-flex e-con e-child\" data-id=\"17a84451\" data-element_type=\"container\">\n\t\t\t\t<div class=\"elementor-element elementor-element-cf5ddf8 elementor-widget elementor-widget-heading\" data-id=\"cf5ddf8\" data-element_type=\"widget\" data-widget_type=\"heading.default\">\n\t\t\t\t<div class=\"elementor-widget-container\">\n\t\t\t<h2 class=\"elementor-heading-title elementor-size-default\">Dise\u00f1o del sitio web de su ganader\u00eda<\/h2>\t\t<\/div>\n\t\t\t\t<\/div>\n\t\t\t\t<div class=\"elementor-element elementor-element-5ca024a elementor-widget elementor-widget-text-editor\" data-id=\"5ca024a\" data-element_type=\"widget\" data-widget_type=\"text-editor.default\">\n\t\t\t\t<div class=\"elementor-widget-container\">\n\t\t\t\t\t\t\t<p>Tener una p\u00e1gina web en la ganader\u00eda es esencial, ya que aumenta la visibilidad y atrae a m\u00e1s clientes, al mismo tiempo que genera confianza y credibilidad en el mercado. Facilita el acceso a informaci\u00f3n sobre productos y servicios, promueve ofertas y ventas, y permite actualizar datos f\u00e1cilmente. En resumen, una p\u00e1gina web mejora la presencia y el \u00e9xito del negocio ganadero.<\/p>\t\t\t\t\t\t<\/div>\n\t\t\t\t<\/div>\n\t\t\t\t<div class=\"elementor-element elementor-element-e6e06c3 elementor-widget elementor-widget-text-editor\" data-id=\"e6e06c3\" data-element_type=\"widget\" data-widget_type=\"text-editor.default\">\n\t\t\t\t<div class=\"elementor-widget-container\">\n\t\t\t\t\t\t\t<p>Ver ejemplos de exito de algunos de nuestros clientes&#8230;<\/p>\t\t\t\t\t\t<\/div>\n\t\t\t\t<\/div>\n\t\t\t\t<\/div>\n\t\t\t\t<\/div>\n\t\t<div class=\"elementor-element elementor-element-37680156 e-con-full e-flex e-con e-parent\" data-id=\"37680156\" data-element_type=\"container\" id=\"s3\">\n\t\t<div class=\"elementor-element elementor-element-7a717f42 e-con-full e-flex e-con e-child\" data-id=\"7a717f42\" data-element_type=\"container\">\n\t\t\t\t<div class=\"elementor-element elementor-element-45fcb066 elementor-widget elementor-widget-heading\" data-id=\"45fcb066\" data-element_type=\"widget\" data-widget_type=\"heading.default\">\n\t\t\t\t<div class=\"elementor-widget-container\">\n\t\t\t<h2 class=\"elementor-heading-title elementor-size-default\">estrategias de mercadeo<\/h2>\t\t<\/div>\n\t\t\t\t<\/div>\n\t\t\t\t<div class=\"elementor-element elementor-element-3e858057 elementor-widget elementor-widget-text-editor\" data-id=\"3e858057\" data-element_type=\"widget\" data-widget_type=\"text-editor.default\">\n\t\t\t\t<div class=\"elementor-widget-container\">\n\t\t\t\t\t\t\t<p>Contar con un equipo de mercadeo especializado para su ganader\u00eda ofrece numerosas ventajas que pueden potenciar su \u00e9xito. Este equipo tiene la experiencia y el conocimiento necesarios para desarrollar estrategias de comunicaci\u00f3n efectivas que transmitan claramente el mensaje que desea, destacando las fortalezas y valores de su negocio. A trav\u00e9s de un enfoque profesional en el branding, publicidad y redes sociales, pueden aumentar la visibilidad de su ganader\u00eda y atraer a clientes potenciales.<\/p><p>En definitiva, invertir en un equipo de mercadeo permite optimizar la imagen de su ganader\u00eda y maximizar su impacto en el mercado.<\/p>\t\t\t\t\t\t<\/div>\n\t\t\t\t<\/div>\n\t\t\t\t<\/div>\n\t\t<div class=\"elementor-element elementor-element-141dcfa4 e-con-full e-flex e-con e-child\" data-id=\"141dcfa4\" data-element_type=\"container\" data-settings=\"{&quot;background_background&quot;:&quot;classic&quot;}\">\n\t\t\t\t<\/div>\n\t\t\t\t<\/div>\n\t\t<div class=\"elementor-element elementor-element-6c8555d2 e-con-full e-flex e-con e-parent\" data-id=\"6c8555d2\" data-element_type=\"container\" id=\"s4\">\n\t\t<div class=\"elementor-element elementor-element-76cc72ea e-con-full e-flex e-con e-child\" data-id=\"76cc72ea\" data-element_type=\"container\" data-settings=\"{&quot;background_background&quot;:&quot;classic&quot;}\">\n\t\t\t\t<\/div>\n\t\t<div class=\"elementor-element elementor-element-126a94b5 e-con-full e-flex e-con e-child\" data-id=\"126a94b5\" data-element_type=\"container\">\n\t\t\t\t<div class=\"elementor-element elementor-element-7ad70c89 elementor-widget elementor-widget-heading\" data-id=\"7ad70c89\" data-element_type=\"widget\" data-widget_type=\"heading.default\">\n\t\t\t\t<div class=\"elementor-widget-container\">\n\t\t\t<h2 class=\"elementor-heading-title elementor-size-default\">fotografia bovina<\/h2>\t\t<\/div>\n\t\t\t\t<\/div>\n\t\t\t\t<div class=\"elementor-element elementor-element-6e4d1764 elementor-widget elementor-widget-text-editor\" data-id=\"6e4d1764\" data-element_type=\"widget\" data-widget_type=\"text-editor.default\">\n\t\t\t\t<div class=\"elementor-widget-container\">\n\t\t\t\t\t\t\t<p>Contratar fot\u00f3grafos profesionales para capturar im\u00e1genes de ganado de alto valor gen\u00e9tico ofrece m\u00faltiples ventajas. Estos expertos saben c\u00f3mo destacar los \u00e1ngulos ideales y las caracter\u00edsticas espec\u00edficas que realzan las virtudes fenot\u00edpicas de cada animal, lo que resulta en fotograf\u00edas atractivas y representativas. Una buena imagen no solo resalta la calidad del ganado, sino que tambi\u00e9n genera confianza entre compradores potenciales y mejora la percepci\u00f3n de su marca. En un mercado competitivo, contar con fotograf\u00edas profesionales puede ser decisivo para atraer atenci\u00f3n y cerrar ventas.<\/p>\t\t\t\t\t\t<\/div>\n\t\t\t\t<\/div>\n\t\t\t\t<\/div>\n\t\t\t\t<\/div>\n\t\t<div class=\"elementor-element elementor-element-650aa5a2 e-con-full e-flex e-con e-parent\" data-id=\"650aa5a2\" data-element_type=\"container\" data-settings=\"{&quot;background_background&quot;:&quot;classic&quot;}\">\n\t\t<div class=\"elementor-element elementor-element-1c362bc1 e-con-full e-flex e-con e-child\" data-id=\"1c362bc1\" data-element_type=\"container\">\n\t\t\t\t<div class=\"elementor-element elementor-element-ab81396 elementor-widget elementor-widget-heading\" data-id=\"ab81396\" data-element_type=\"widget\" data-widget_type=\"heading.default\">\n\t\t\t\t<div class=\"elementor-widget-container\">\n\t\t\t<h2 class=\"elementor-heading-title elementor-size-default\">\u00bfListo para llevar tu negocio al siguiente nivel?<\/h2>\t\t<\/div>\n\t\t\t\t<\/div>\n\t\t\t\t<\/div>\n\t\t<div class=\"elementor-element elementor-element-65aa90db e-con-full e-flex e-con e-child\" data-id=\"65aa90db\" data-element_type=\"container\">\n\t\t\t\t<div class=\"elementor-element elementor-element-10a94728 elementor-widget elementor-widget-heading\" data-id=\"10a94728\" data-element_type=\"widget\" data-widget_type=\"heading.default\">\n\t\t\t\t<div class=\"elementor-widget-container\">\n\t\t\t<h2 class=\"elementor-heading-title elementor-size-default\">Ponte en contacto hoy y recibe una consulta gratuita.<\/h2>\t\t<\/div>\n\t\t\t\t<\/div>\n\t\t\t\t<div class=\"elementor-element elementor-element-4621fbc1 elementor-widget elementor-widget-button\" data-id=\"4621fbc1\" data-element_type=\"widget\" data-widget_type=\"button.default\">\n\t\t\t\t<div class=\"elementor-widget-container\">\n\t\t\t\t\t<div class=\"elementor-button-wrapper\">\n\t\t\t<a class=\"elementor-button elementor-button-link elementor-size-sm\" href=\"https:\/\/sitioganadero.com\/index.php\/contact-us\/\">\n\t\t\t\t\t\t<span class=\"elementor-button-content-wrapper\">\n\t\t\t\t\t\t\t\t\t<span class=\"elementor-button-text\">Solicita una consulta ><\/span>\n\t\t\t\t\t<\/span>\n\t\t\t\t\t<\/a>\n\t\t<\/div>\n\t\t\t\t<\/div>\n\t\t\t\t<\/div>\n\t\t\t\t<\/div>\n\t\t\t\t<\/div>\n\t\t\t\t<\/div>\n\t\t","protected":false},"excerpt":{"rendered":"<p>Servicios sitioganadero.com ofrece servicios de dise\u00f1o de logos y p\u00e1ginas web para ganader\u00edas, as\u00ed como fotograf\u00eda bovina. dise\u00f1o de logos [&hellip;]<\/p>\n","protected":false},"author":1,"featured_media":0,"parent":0,"menu_order":0,"comment_status":"closed","ping_status":"closed","template":"elementor_header_footer","meta":{"site-sidebar-layout":"default","site-content-layout":"","ast-site-content-layout":"","site-content-style":"default","site-sidebar-style":"default","ast-global-header-display":"","ast-banner-title-visibility":"","ast-main-header-display":"","ast-hfb-above-header-display":"","ast-hfb-below-header-display":"","ast-hfb-mobile-header-display":"","site-post-title":"","ast-breadcrumbs-content":"","ast-featured-img":"","footer-sml-layout":"","theme-transparent-header-meta":"","adv-header-id-meta":"","stick-header-meta":"","header-above-stick-meta":"","header-main-stick-meta":"","header-below-stick-meta":"","astra-migrate-meta-layouts":"default","ast-page-background-enabled":"default","ast-page-background-meta":{"desktop":{"background-color":"var(--ast-global-color-4)","background-image":"","background-repeat":"repeat","background-position":"center center","background-size":"auto","background-attachment":"scroll","background-type":"","background-media":"","overlay-type":"","overlay-color":"","overlay-opacity":"","overlay-gradient":""},"tablet":{"background-color":"","background-image":"","background-repeat":"repeat","background-position":"center center","background-size":"auto","background-attachment":"scroll","background-type":"","background-media":"","overlay-type":"","overlay-color":"","overlay-opacity":"","overlay-gradient":""},"mobile":{"background-color":"","background-image":"","background-repeat":"repeat","background-position":"center center","background-size":"auto","background-attachment":"scroll","background-type":"","background-media":"","overlay-type":"","overlay-color":"","overlay-opacity":"","overlay-gradient":""}},"ast-content-background-meta":{"desktop":{"background-color":"var(--ast-global-color-5)","background-image":"","background-repeat":"repeat","background-position":"center center","background-size":"auto","background-attachment":"scroll","background-type":"","background-media":"","overlay-type":"","overlay-color":"","overlay-opacity":"","overlay-gradient":""},"tablet":{"background-color":"var(--ast-global-color-5)","background-image":"","background-repeat":"repeat","background-position":"center center","background-size":"auto","background-attachment":"scroll","background-type":"","background-media":"","overlay-type":"","overlay-color":"","overlay-opacity":"","overlay-gradient":""},"mobile":{"background-color":"var(--ast-global-color-5)","background-image":"","background-repeat":"repeat","background-position":"center center","background-size":"auto","background-attachment":"scroll","background-type":"","background-media":"","overlay-type":"","overlay-color":"","overlay-opacity":"","overlay-gradient":""}},"footnotes":""},"class_list":["post-51","page","type-page","status-publish","hentry"],"aioseo_notices":[],"_links":{"self":[{"href":"https:\/\/sitioganadero.com\/index.php\/wp-json\/wp\/v2\/pages\/51"}],"collection":[{"href":"https:\/\/sitioganadero.com\/index.php\/wp-json\/wp\/v2\/pages"}],"about":[{"href":"https:\/\/sitioganadero.com\/index.php\/wp-json\/wp\/v2\/types\/page"}],"author":[{"embeddable":true,"href":"https:\/\/sitioganadero.com\/index.php\/wp-json\/wp\/v2\/users\/1"}],"replies":[{"embeddable":true,"href":"https:\/\/sitioganadero.com\/index.php\/wp-json\/wp\/v2\/comments?post=51"}],"version-history":[{"count":7,"href":"https:\/\/sitioganadero.com\/index.php\/wp-json\/wp\/v2\/pages\/51\/revisions"}],"predecessor-version":[{"id":259,"href":"https:\/\/sitioganadero.com\/index.php\/wp-json\/wp\/v2\/pages\/51\/revisions\/259"}],"wp:attachment":[{"href":"https:\/\/sitioganadero.com\/index.php\/wp-json\/wp\/v2\/media?parent=51"}],"curies":[{"name":"wp","href":"https:\/\/api.w.org\/{rel}","templated":true}]}}